{"id":2512,"date":"2026-01-06T23:20:59","date_gmt":"2026-01-06T23:20:59","guid":{"rendered":"https:\/\/thebrainsbunch.com\/?page_id=2512"},"modified":"2026-02-20T21:17:52","modified_gmt":"2026-02-20T21:17:52","slug":"podcas-all-in","status":"publish","type":"page","link":"https:\/\/thebrainsbunch.com\/es\/podcas-all-in\/","title":{"rendered":"PodcastAll-In"},"content":{"rendered":"<div data-elementor-type=\"wp-page\" data-elementor-id=\"2512\" class=\"elementor elementor-2512\" data-elementor-settings=\"{&quot;element_pack_global_tooltip_width&quot;:{&quot;unit&quot;:&quot;px&quot;,&quot;size&quot;:&quot;&quot;,&quot;sizes&quot;:[]},&quot;element_pack_global_tooltip_width_tablet&quot;:{&quot;unit&quot;:&quot;px&quot;,&quot;size&quot;:&quot;&quot;,&quot;sizes&quot;:[]},&quot;element_pack_global_tooltip_width_mobile&quot;:{&quot;unit&quot;:&quot;px&quot;,&quot;size&quot;:&quot;&quot;,&quot;sizes&quot;:[]},&quot;element_pack_global_tooltip_padding&quot;:{&quot;unit&quot;:&quot;px&quot;,&quot;top&quot;:&quot;&quot;,&quot;right&quot;:&quot;&quot;,&quot;bottom&quot;:&quot;&quot;,&quot;left&quot;:&quot;&quot;,&quot;isLinked&quot;:true},&quot;element_pack_global_tooltip_padding_tablet&quot;:{&quot;unit&quot;:&quot;px&quot;,&quot;top&quot;:&quot;&quot;,&quot;right&quot;:&quot;&quot;,&quot;bottom&quot;:&quot;&quot;,&quot;left&quot;:&quot;&quot;,&quot;isLinked&quot;:true},&quot;element_pack_global_tooltip_padding_mobile&quot;:{&quot;unit&quot;:&quot;px&quot;,&quot;top&quot;:&quot;&quot;,&quot;right&quot;:&quot;&quot;,&quot;bottom&quot;:&quot;&quot;,&quot;left&quot;:&quot;&quot;,&quot;isLinked&quot;:true},&quot;element_pack_global_tooltip_border_radius&quot;:{&quot;unit&quot;:&quot;px&quot;,&quot;top&quot;:&quot;&quot;,&quot;right&quot;:&quot;&quot;,&quot;bottom&quot;:&quot;&quot;,&quot;left&quot;:&quot;&quot;,&quot;isLinked&quot;:true},&quot;element_pack_global_tooltip_border_radius_tablet&quot;:{&quot;unit&quot;:&quot;px&quot;,&quot;top&quot;:&quot;&quot;,&quot;right&quot;:&quot;&quot;,&quot;bottom&quot;:&quot;&quot;,&quot;left&quot;:&quot;&quot;,&quot;isLinked&quot;:true},&quot;element_pack_global_tooltip_border_radius_mobile&quot;:{&quot;unit&quot;:&quot;px&quot;,&quot;top&quot;:&quot;&quot;,&quot;right&quot;:&quot;&quot;,&quot;bottom&quot;:&quot;&quot;,&quot;left&quot;:&quot;&quot;,&quot;isLinked&quot;:true}}\">\n\t\t\t\t\t\t<div class=\"elementor-section elementor-top-section elementor-element elementor-element-45cc015 elementor-section-boxed elementor-section-height-default elementor-section-height-default elementor-invisible\" data-id=\"45cc015\" data-element_type=\"section\" data-e-type=\"section\" data-settings=\"{&quot;animation&quot;:&quot;zoomOutUp&quot;}\">\n\t\t\t\t\t\t<div class=\"elementor-container elementor-column-gap-default\">\n\t\t\t\t\t<div class=\"elementor-column elementor-col-100 elementor-top-column elementor-element elementor-element-ce8eebb\" data-id=\"ce8eebb\" data-element_type=\"column\" data-e-type=\"column\">\n\t\t\t<div class=\"elementor-widget-wrap elementor-element-populated\">\n\t\t\t\t\t\t<div class=\"elementor-section elementor-inner-section elementor-element elementor-element-123b553 elementor-section-boxed elementor-section-height-default elementor-section-height-default\" data-id=\"123b553\" data-element_type=\"section\" data-e-type=\"section\" data-settings=\"{&quot;background_background&quot;:&quot;classic&quot;}\">\n\t\t\t\t\t\t\t<div class=\"elementor-background-overlay\"><\/div>\n\t\t\t\t\t\t\t<div class=\"elementor-container elementor-column-gap-default\">\n\t\t\t\t\t<div class=\"elementor-column elementor-col-100 elementor-inner-column elementor-element elementor-element-e3bdccc\" data-id=\"e3bdccc\" data-element_type=\"column\" data-e-type=\"column\" data-settings=\"{&quot;background_background&quot;:&quot;classic&quot;}\">\n\t\t\t<div class=\"elementor-widget-wrap elementor-element-populated\">\n\t\t\t\t\t\t<div class=\"elementor-element elementor-element-4f47ad7 elementor-widget elementor-widget-image\" data-id=\"4f47ad7\" data-element_type=\"widget\" data-e-type=\"widget\" data-widget_type=\"image.default\">\n\t\t\t\t<div class=\"elementor-widget-container\">\n\t\t\t\t\t\t\t\t\t\t\t\t\t\t\t<img fetchpriority=\"high\" decoding=\"async\" width=\"768\" height=\"136\" src=\"https:\/\/thebrainsbunch.com\/wp-content\/uploads\/2026\/01\/bb75ecfd-4396-82f3-6169-10381412e079-768x136.png\" class=\"attachment-medium_large size-medium_large wp-image-2514\" alt=\"\" srcset=\"https:\/\/thebrainsbunch.com\/wp-content\/uploads\/2026\/01\/bb75ecfd-4396-82f3-6169-10381412e079-768x136.png 768w, https:\/\/thebrainsbunch.com\/wp-content\/uploads\/2026\/01\/bb75ecfd-4396-82f3-6169-10381412e079-300x53.png 300w, https:\/\/thebrainsbunch.com\/wp-content\/uploads\/2026\/01\/bb75ecfd-4396-82f3-6169-10381412e079-1024x181.png 1024w, https:\/\/thebrainsbunch.com\/wp-content\/uploads\/2026\/01\/bb75ecfd-4396-82f3-6169-10381412e079-1536x271.png 1536w, https:\/\/thebrainsbunch.com\/wp-content\/uploads\/2026\/01\/bb75ecfd-4396-82f3-6169-10381412e079-18x3.png 18w, https:\/\/thebrainsbunch.com\/wp-content\/uploads\/2026\/01\/bb75ecfd-4396-82f3-6169-10381412e079-650x115.png 650w, https:\/\/thebrainsbunch.com\/wp-content\/uploads\/2026\/01\/bb75ecfd-4396-82f3-6169-10381412e079.png 2000w\" sizes=\"(max-width: 768px) 100vw, 768px\" \/>\t\t\t\t\t\t\t\t\t\t\t\t\t\t\t<\/div>\n\t\t\t\t<\/div>\n\t\t\t\t<div class=\"elementor-element elementor-element-a00bc83 elementor-widget elementor-widget-image\" data-id=\"a00bc83\" data-element_type=\"widget\" data-e-type=\"widget\" data-widget_type=\"image.default\">\n\t\t\t\t<div class=\"elementor-widget-container\">\n\t\t\t\t\t\t\t\t\t\t\t\t\t\t\t<img decoding=\"async\" width=\"792\" height=\"518\" src=\"https:\/\/thebrainsbunch.com\/wp-content\/uploads\/2026\/01\/c287c878-4f21-8f34-bd02-b81d407833e2.png\" class=\"attachment-large size-large wp-image-2515\" alt=\"\" srcset=\"https:\/\/thebrainsbunch.com\/wp-content\/uploads\/2026\/01\/c287c878-4f21-8f34-bd02-b81d407833e2.png 792w, https:\/\/thebrainsbunch.com\/wp-content\/uploads\/2026\/01\/c287c878-4f21-8f34-bd02-b81d407833e2-300x196.png 300w, https:\/\/thebrainsbunch.com\/wp-content\/uploads\/2026\/01\/c287c878-4f21-8f34-bd02-b81d407833e2-768x502.png 768w, https:\/\/thebrainsbunch.com\/wp-content\/uploads\/2026\/01\/c287c878-4f21-8f34-bd02-b81d407833e2-18x12.png 18w, https:\/\/thebrainsbunch.com\/wp-content\/uploads\/2026\/01\/c287c878-4f21-8f34-bd02-b81d407833e2-650x425.png 650w\" sizes=\"(max-width: 792px) 100vw, 792px\" \/>\t\t\t\t\t\t\t\t\t\t\t\t\t\t\t<\/div>\n\t\t\t\t<\/div>\n\t\t\t\t\t<\/div>\n\t\t<\/div>\n\t\t\t\t\t<\/div>\n\t\t<\/div>\n\t\t\t\t\t<\/div>\n\t\t<\/div>\n\t\t\t\t\t<\/div>\n\t\t<\/div>\n\t\t<div class=\"elementor-element elementor-element-a04ccf7 e-flex e-con-boxed e-con e-parent\" data-id=\"a04ccf7\" data-element_type=\"container\" data-e-type=\"container\">\n\t\t\t\t\t<div class=\"e-con-inner\">\n\t\t\t\t<div class=\"elementor-element elementor-element-b971128 ui-e-a-animate elementor-widget elementor-widget-highlighted-text\" data-id=\"b971128\" data-element_type=\"widget\" data-e-type=\"widget\" data-widget_type=\"highlighted-text.default\">\n\t\t\t\t<div class=\"elementor-widget-container\">\n\t\t\t\t\t        <h2 class=\"ui-e--highlighted-text\">\n            <span class=\"ui-e-headline-text elementor-repeater-item-0186354\">Lanza tu podcast con estudio, producci\u00f3n y difusi\u00f3n global<\/span>        <\/h2>\n    \t\t\t\t<\/div>\n\t\t\t\t<\/div>\n\t\t\t\t<div class=\"elementor-element elementor-element-2934763 elementor-widget__width-initial elementor-widget elementor-widget-text-editor\" data-id=\"2934763\" data-element_type=\"widget\" data-e-type=\"widget\" data-widget_type=\"text-editor.default\">\n\t\t\t\t<div class=\"elementor-widget-container\">\n\t\t\t\t\t\t\t\t\t<p>Estudio y producci\u00f3n profesional en Doral - Miami<\/p><p>Esta iniciativa integra la potencia de VPItv como plataforma de difusi\u00f3n global, junto a la experiencia estrat\u00e9gica y creativa de The Brains Bunch, para ofrecer una soluci\u00f3n integral de estudio, producci\u00f3n, estrategia, asesor\u00eda comunicacional y distribuci\u00f3n de podcast.<\/p>\t\t\t\t\t\t\t\t<\/div>\n\t\t\t\t<\/div>\n\t\t\t\t<div class=\"elementor-element elementor-element-8ce4ebf elementor-align-center elementor-widget elementor-widget-button\" data-id=\"8ce4ebf\" data-element_type=\"widget\" data-e-type=\"widget\" data-widget_type=\"button.default\">\n\t\t\t\t<div class=\"elementor-widget-container\">\n\t\t\t\t\t\t\t\t\t<div class=\"elementor-button-wrapper\">\n\t\t\t\t\t<a class=\"elementor-button elementor-button-link elementor-size-sm\" href=\"https:\/\/calendly.com\/thebrainsbunch\/sesion\">\n\t\t\t\t\t\t<span class=\"elementor-button-content-wrapper\">\n\t\t\t\t\t\t\t\t\t<span class=\"elementor-button-text\">Agenda una cita gratis<\/span>\n\t\t\t\t\t<\/span>\n\t\t\t\t\t<\/a>\n\t\t\t\t<\/div>\n\t\t\t\t\t\t\t\t<\/div>\n\t\t\t\t<\/div>\n\t\t\t\t\t<\/div>\n\t\t\t\t<\/div>\n\t\t\t\t<div class=\"elementor-section elementor-top-section elementor-element elementor-element-561c273 elementor-section-boxed elementor-section-height-default elementor-section-height-default\" data-id=\"561c273\" data-element_type=\"section\" data-e-type=\"section\">\n\t\t\t\t\t\t<div class=\"elementor-container elementor-column-gap-no\">\n\t\t\t\t\t<div class=\"elementor-column elementor-col-100 elementor-top-column elementor-element elementor-element-2f3ed37\" data-id=\"2f3ed37\" data-element_type=\"column\" data-e-type=\"column\">\n\t\t\t<div class=\"elementor-widget-wrap elementor-element-populated\">\n\t\t\t\t\t\t<div class=\"elementor-element elementor-element-6a44202 elementor-widget__width-initial elementor-widget-mobile__width-inherit elementor-widget-tablet__width-initial ui-e-a-animate elementor-invisible elementor-widget elementor-widget-highlighted-text\" data-id=\"6a44202\" data-element_type=\"widget\" data-e-type=\"widget\" data-settings=\"{&quot;_animation&quot;:&quot;fadeInUp&quot;,&quot;_animation_delay&quot;:&quot;200&quot;}\" data-widget_type=\"highlighted-text.default\">\n\t\t\t\t<div class=\"elementor-widget-container\">\n\t\t\t\t\t        <h2 class=\"ui-e--highlighted-text\">\n            <span class=\"ui-e-headline-text elementor-repeater-item-981c8f9\">\u00bfQu\u00e9 incluye esta oportunidad?<\/span>        <\/h2>\n    \t\t\t\t<\/div>\n\t\t\t\t<\/div>\n\t\t\t\t<div class=\"elementor-element elementor-element-c17eae6 elementor-widget-tablet__width-initial elementor-widget-mobile__width-inherit elementor-widget elementor-widget-text-editor\" data-id=\"c17eae6\" data-element_type=\"widget\" data-e-type=\"widget\" data-widget_type=\"text-editor.default\">\n\t\t\t\t<div class=\"elementor-widget-container\">\n\t\t\t\t\t\t\t\t\t<ul><li aria-level=\"1\">Desarrollar  tu podcast propio, pensado para construir autoridad en tu industria y conectar con una audiencia en Estados Unidos, local o con el resto del mundo.<\/li><li aria-level=\"1\">Grabar tu podcast en nuestros estudios.<\/li><li aria-level=\"1\">Acceder a producci\u00f3n completa, paquete gr\u00e1fico, musicalizaci\u00f3n, grabaci\u00f3n y edici\u00f3n de alto nivel.<\/li><li aria-level=\"1\">Recibir el paquete completo de contenidos para redes sociales por episodio\n(clips, reels, formatos verticales y horizontales listos para publicar).<\/li><li aria-level=\"1\">Podr\u00e1s Publicar tu podcast en VPItv y\/o en tus propios canales (te ayudamos a crearlos), multiplicando alcance, credibilidad y posicionamiento.<\/li><\/ul>\t\t\t\t\t\t\t\t<\/div>\n\t\t\t\t<\/div>\n\t\t\t\t\t<\/div>\n\t\t<\/div>\n\t\t\t\t\t<\/div>\n\t\t<\/div>\n\t\t\t\t<div class=\"elementor-section elementor-top-section elementor-element elementor-element-bcb021b elementor-section-boxed elementor-section-height-default elementor-section-height-default\" data-id=\"bcb021b\" data-element_type=\"section\" data-e-type=\"section\">\n\t\t\t\t\t\t<div class=\"elementor-container elementor-column-gap-no\">\n\t\t\t\t\t<div class=\"elementor-column elementor-col-100 elementor-top-column elementor-element elementor-element-f4e4279\" data-id=\"f4e4279\" data-element_type=\"column\" data-e-type=\"column\">\n\t\t\t<div class=\"elementor-widget-wrap elementor-element-populated\">\n\t\t\t\t\t\t<section class=\"elementor-section elementor-inner-section elementor-element elementor-element-09ea245 elementor-section-content-middle elementor-section-boxed elementor-section-height-default elementor-section-height-default\" data-id=\"09ea245\" data-element_type=\"section\" data-e-type=\"section\" data-settings=\"{&quot;background_background&quot;:&quot;classic&quot;}\">\n\t\t\t\t\t\t<div class=\"elementor-container elementor-column-gap-default\">\n\t\t\t\t\t<div class=\"elementor-column elementor-col-50 elementor-inner-column elementor-element elementor-element-8b4df35\" data-id=\"8b4df35\" data-element_type=\"column\" data-e-type=\"column\">\n\t\t\t<div class=\"elementor-widget-wrap elementor-element-populated\">\n\t\t\t\t\t\t<div class=\"elementor-element elementor-element-339eb36 bdt-icon-type-image elementor-position-top bdt-icon-effect-none elementor-widget elementor-widget-bdt-advanced-icon-box\" data-id=\"339eb36\" data-element_type=\"widget\" data-e-type=\"widget\" data-widget_type=\"bdt-advanced-icon-box.default\">\n\t\t\t\t<div class=\"elementor-widget-container\">\n\t\t\t\t\t\t\t<div class=\"bdt-ep-advanced-icon-box\">\n\n\t\t\t\t\t\t\t\n\t\t\t\t\t<div class=\"bdt-ep-advanced-icon-box-icon\">\n\t\t\t\t<span class=\"bdt-ep-advanced-icon-box-icon-wrap\">\n\n\n\t\t\t\t\t<img decoding=\"async\" width=\"983\" height=\"518\" src=\"https:\/\/thebrainsbunch.com\/wp-content\/uploads\/2026\/01\/db1fb9aa-ff15-da22-167b-a89300e40ec8.png\" class=\"attachment-full size-full\" alt=\"Strategic brand support\" srcset=\"https:\/\/thebrainsbunch.com\/wp-content\/uploads\/2026\/01\/db1fb9aa-ff15-da22-167b-a89300e40ec8.png 983w, https:\/\/thebrainsbunch.com\/wp-content\/uploads\/2026\/01\/db1fb9aa-ff15-da22-167b-a89300e40ec8-300x158.png 300w, https:\/\/thebrainsbunch.com\/wp-content\/uploads\/2026\/01\/db1fb9aa-ff15-da22-167b-a89300e40ec8-768x405.png 768w, https:\/\/thebrainsbunch.com\/wp-content\/uploads\/2026\/01\/db1fb9aa-ff15-da22-167b-a89300e40ec8-18x9.png 18w, https:\/\/thebrainsbunch.com\/wp-content\/uploads\/2026\/01\/db1fb9aa-ff15-da22-167b-a89300e40ec8-650x343.png 650w\" sizes=\"(max-width: 983px) 100vw, 983px\" \/>\t\t\t\t<\/span>\n\t\t\t<\/div>\n\t\t\n\t\t\t\t\n\t\t\t<div class=\"bdt-ep-advanced-icon-box-content\">\n\n\t\t\t\t\t\t\t\t\t\n\t\t\t\t\t<h3 class=\"bdt-ep-advanced-icon-box-title\">\n\t\t\t\t<span >\n\t\t\t\t\tAcompa\u00f1amiento estrat\u00e9gico de marca\t\t\t\t<\/span>\n\t\t\t<\/h3>\n\t\t\n\n\t\t\n\t\t\t\t\t\n\t\t\t\t\n\t\t\t\t\t\t\t\t\t<div class=\"bdt-ep-advanced-icon-box-description\">\n\t\t\t\t\t\t<p>Aqu\u00ed no solo grabas. Construyes una marca s\u00f3lida.<\/p><p>Un equipo asesor especializado de The Brains Bunch y VPITV te acompa\u00f1a para:<\/p><ul><li style=\"text-align: left;\" aria-level=\"1\">Cuidar tu imagen p\u00fablica y reputaci\u00f3n de marca.<\/li><li style=\"text-align: left;\" aria-level=\"1\">Cuidar tu imagen p\u00fablica y reputaci\u00f3n de marca.<\/li><li style=\"text-align: left;\" aria-level=\"1\">Asegurar coherencia entre lo que comunicas, lo que vendes y c\u00f3mo te percibe tu audiencia.<\/li><\/ul>\t\t\t\t\t<\/div>\n\t\t\t\t\n\t\t\t\t\t\t\t<\/div>\n\t\t<\/div>\n\n\t\t\n\t\t\n\t\t\t\t<\/div>\n\t\t\t\t<\/div>\n\t\t\t\t\t<\/div>\n\t\t<\/div>\n\t\t\t\t<div class=\"elementor-column elementor-col-50 elementor-inner-column elementor-element elementor-element-8d63466\" data-id=\"8d63466\" data-element_type=\"column\" data-e-type=\"column\">\n\t\t\t<div class=\"elementor-widget-wrap elementor-element-populated\">\n\t\t\t\t\t\t<div class=\"elementor-element elementor-element-f575689 bdt-icon-type-image elementor-position-top bdt-icon-effect-none elementor-widget elementor-widget-bdt-advanced-icon-box\" data-id=\"f575689\" data-element_type=\"widget\" data-e-type=\"widget\" data-widget_type=\"bdt-advanced-icon-box.default\">\n\t\t\t\t<div class=\"elementor-widget-container\">\n\t\t\t\t\t\t\t<div class=\"bdt-ep-advanced-icon-box\">\n\n\t\t\t\t\t\t\t\n\t\t\t\t\t<div class=\"bdt-ep-advanced-icon-box-icon\">\n\t\t\t\t<span class=\"bdt-ep-advanced-icon-box-icon-wrap\">\n\n\n\t\t\t\t\t<img loading=\"lazy\" decoding=\"async\" width=\"983\" height=\"518\" src=\"https:\/\/thebrainsbunch.com\/wp-content\/uploads\/2026\/01\/da5d918d-50bd-3a3a-4600-9761ccddf0d2.png\" class=\"attachment-full size-full\" alt=\"Optional additional service: Paid Media Promotion\" srcset=\"https:\/\/thebrainsbunch.com\/wp-content\/uploads\/2026\/01\/da5d918d-50bd-3a3a-4600-9761ccddf0d2.png 983w, https:\/\/thebrainsbunch.com\/wp-content\/uploads\/2026\/01\/da5d918d-50bd-3a3a-4600-9761ccddf0d2-300x158.png 300w, https:\/\/thebrainsbunch.com\/wp-content\/uploads\/2026\/01\/da5d918d-50bd-3a3a-4600-9761ccddf0d2-768x405.png 768w, https:\/\/thebrainsbunch.com\/wp-content\/uploads\/2026\/01\/da5d918d-50bd-3a3a-4600-9761ccddf0d2-18x9.png 18w, https:\/\/thebrainsbunch.com\/wp-content\/uploads\/2026\/01\/da5d918d-50bd-3a3a-4600-9761ccddf0d2-650x343.png 650w\" sizes=\"(max-width: 983px) 100vw, 983px\" \/>\t\t\t\t<\/span>\n\t\t\t<\/div>\n\t\t\n\t\t\t\t\n\t\t\t<div class=\"bdt-ep-advanced-icon-box-content\">\n\n\t\t\t\t\t\t\t\t\t\n\t\t\t\t\t<h3 class=\"bdt-ep-advanced-icon-box-title\">\n\t\t\t\t<span >\n\t\t\t\t\tServicio adicional opcional: Promoci\u00f3n Paid Media\t\t\t\t<\/span>\n\t\t\t<\/h3>\n\t\t\n\n\t\t\n\t\t\t\t\t\n\t\t\t\t\n\t\t\t\t\t\t\t\t\t<div class=\"bdt-ep-advanced-icon-box-description\">\n\t\t\t\t\t\t<p>Si lo deseas, tambi\u00e9n podemos ayudarte con la estrategia de promoci\u00f3n Paid Media de tu podcast, incluyendo:<\/p><ul><li style=\"text-align: left;\" aria-level=\"1\">Definici\u00f3n de audiencias estrat\u00e9gicas.<\/li><li style=\"text-align: left;\" aria-level=\"1\">Campa\u00f1as de pauta para amplificar episodios clave.<\/li><li style=\"text-align: left;\" aria-level=\"1\">Optimizaci\u00f3n del contenido para crecimiento, autoridad y generaci\u00f3n de oportunidades comerciales.<\/li><\/ul>\t\t\t\t\t<\/div>\n\t\t\t\t\n\t\t\t\t\t\t\t<\/div>\n\t\t<\/div>\n\n\t\t\n\t\t\n\t\t\t\t<\/div>\n\t\t\t\t<\/div>\n\t\t\t\t\t<\/div>\n\t\t<\/div>\n\t\t\t\t\t<\/div>\n\t\t<\/section>\n\t\t\t\t\t<\/div>\n\t\t<\/div>\n\t\t\t\t\t<\/div>\n\t\t<\/div>\n\t\t<div class=\"elementor-element elementor-element-775d826 e-con-full e-flex e-con e-parent\" data-id=\"775d826\" data-element_type=\"container\" data-e-type=\"container\">\n\t\t<div class=\"elementor-element elementor-element-86864ca e-con-full e-flex e-con e-child\" data-id=\"86864ca\" data-element_type=\"container\" data-e-type=\"container\" data-settings=\"{&quot;background_background&quot;:&quot;classic&quot;}\">\n\t\t\t\t<div class=\"elementor-element elementor-element-11cb09f elementor-widget elementor-widget-image\" data-id=\"11cb09f\" data-element_type=\"widget\" data-e-type=\"widget\" data-widget_type=\"image.default\">\n\t\t\t\t<div class=\"elementor-widget-container\">\n\t\t\t\t\t\t\t\t\t\t\t\t\t\t\t<img loading=\"lazy\" decoding=\"async\" width=\"819\" height=\"1024\" src=\"https:\/\/thebrainsbunch.com\/wp-content\/uploads\/2025\/08\/LEO_2-819x1024.png\" class=\"attachment-large size-large wp-image-2126\" alt=\"\" srcset=\"https:\/\/thebrainsbunch.com\/wp-content\/uploads\/2025\/08\/LEO_2-819x1024.png 819w, https:\/\/thebrainsbunch.com\/wp-content\/uploads\/2025\/08\/LEO_2-240x300.png 240w, https:\/\/thebrainsbunch.com\/wp-content\/uploads\/2025\/08\/LEO_2-768x960.png 768w, https:\/\/thebrainsbunch.com\/wp-content\/uploads\/2025\/08\/LEO_2-1228x1536.png 1228w, https:\/\/thebrainsbunch.com\/wp-content\/uploads\/2025\/08\/LEO_2-10x12.png 10w, https:\/\/thebrainsbunch.com\/wp-content\/uploads\/2025\/08\/LEO_2-520x650.png 520w, https:\/\/thebrainsbunch.com\/wp-content\/uploads\/2025\/08\/LEO_2.png 1402w\" sizes=\"(max-width: 819px) 100vw, 819px\" \/>\t\t\t\t\t\t\t\t\t\t\t\t\t\t\t<\/div>\n\t\t\t\t<\/div>\n\t\t\t\t<\/div>\n\t\t<div class=\"elementor-element elementor-element-95de644 e-con-full e-flex e-con e-child\" data-id=\"95de644\" data-element_type=\"container\" data-e-type=\"container\" data-settings=\"{&quot;background_background&quot;:&quot;classic&quot;}\">\n\t\t<div class=\"elementor-element elementor-element-02fa638 e-con-full e-flex e-con e-child\" data-id=\"02fa638\" data-element_type=\"container\" data-e-type=\"container\">\n\t\t\t\t<div class=\"elementor-element elementor-element-49b6a1f elementor-widget elementor-widget-text-editor\" data-id=\"49b6a1f\" data-element_type=\"widget\" data-e-type=\"widget\" data-widget_type=\"text-editor.default\">\n\t\t\t\t<div class=\"elementor-widget-container\">\n\t\t\t\t\t\t\t\t\t<p><span style=\"color: #ffffff;\">Te invito a agendar una cita estrat\u00e9gica para conversar sobre c\u00f3mo lanzar y escalar tu podcast y definir la mejor ruta para posicionar tu marca con intenci\u00f3n y resultados.<\/span><\/p><p><span style=\"color: #ffffff;\">Agenda tu reuni\u00f3n y exploremos juntos c\u00f3mo convertir tu voz en un activo de negocio.<\/span><\/p>\t\t\t\t\t\t\t\t<\/div>\n\t\t\t\t<\/div>\n\t\t\t\t<\/div>\n\t\t\t\t<\/div>\n\t\t\t\t<\/div>\n\t\t<div class=\"elementor-element elementor-element-128efb9 e-flex e-con-boxed e-con e-parent\" data-id=\"128efb9\" data-element_type=\"container\" data-e-type=\"container\">\n\t\t\t\t\t<div class=\"e-con-inner\">\n\t\t\t\t<div class=\"elementor-element elementor-element-540ab73 elementor-align-center elementor-widget elementor-widget-button\" data-id=\"540ab73\" data-element_type=\"widget\" data-e-type=\"widget\" data-widget_type=\"button.default\">\n\t\t\t\t<div class=\"elementor-widget-container\">\n\t\t\t\t\t\t\t\t\t<div class=\"elementor-button-wrapper\">\n\t\t\t\t\t<a class=\"elementor-button elementor-button-link elementor-size-sm\" href=\"https:\/\/calendly.com\/thebrainsbunch\/sesion\">\n\t\t\t\t\t\t<span class=\"elementor-button-content-wrapper\">\n\t\t\t\t\t\t\t\t\t<span class=\"elementor-button-text\">Agenda una cita gratis<\/span>\n\t\t\t\t\t<\/span>\n\t\t\t\t\t<\/a>\n\t\t\t\t<\/div>\n\t\t\t\t\t\t\t\t<\/div>\n\t\t\t\t<\/div>\n\t\t\t\t\t<\/div>\n\t\t\t\t<\/div>\n\t\t\t\t<\/div>","protected":false},"excerpt":{"rendered":"<p>Launch Your Podcast with Studio, Production &amp; Global Distribution Professional studio and production in Doral \u2013 Miami This initiative integrates the power [&hellip;]<\/p>\n","protected":false},"author":1,"featured_media":2515,"parent":0,"menu_order":0,"comment_status":"closed","ping_status":"closed","template":"","meta":{"_uag_custom_page_level_css":"","footnotes":""},"class_list":["post-2512","page","type-page","status-publish","has-post-thumbnail","hentry"],"aioseo_notices":[],"uagb_featured_image_src":{"full":["https:\/\/thebrainsbunch.com\/wp-content\/uploads\/2026\/01\/c287c878-4f21-8f34-bd02-b81d407833e2.png",792,518,false],"thumbnail":["https:\/\/thebrainsbunch.com\/wp-content\/uploads\/2026\/01\/c287c878-4f21-8f34-bd02-b81d407833e2-150x150.png",150,150,true],"medium":["https:\/\/thebrainsbunch.com\/wp-content\/uploads\/2026\/01\/c287c878-4f21-8f34-bd02-b81d407833e2-300x196.png",300,196,true],"medium_large":["https:\/\/thebrainsbunch.com\/wp-content\/uploads\/2026\/01\/c287c878-4f21-8f34-bd02-b81d407833e2-768x502.png",768,502,true],"large":["https:\/\/thebrainsbunch.com\/wp-content\/uploads\/2026\/01\/c287c878-4f21-8f34-bd02-b81d407833e2.png",792,518,false],"1536x1536":["https:\/\/thebrainsbunch.com\/wp-content\/uploads\/2026\/01\/c287c878-4f21-8f34-bd02-b81d407833e2.png",792,518,false],"2048x2048":["https:\/\/thebrainsbunch.com\/wp-content\/uploads\/2026\/01\/c287c878-4f21-8f34-bd02-b81d407833e2.png",792,518,false],"trp-custom-language-flag":["https:\/\/thebrainsbunch.com\/wp-content\/uploads\/2026\/01\/c287c878-4f21-8f34-bd02-b81d407833e2-18x12.png",18,12,true],"uicore-medium":["https:\/\/thebrainsbunch.com\/wp-content\/uploads\/2026\/01\/c287c878-4f21-8f34-bd02-b81d407833e2-650x425.png",650,425,true]},"uagb_author_info":{"display_name":"juanky2252@gmail.com","author_link":"https:\/\/thebrainsbunch.com\/es\/author\/juanky2252gmail-com\/"},"uagb_comment_info":0,"uagb_excerpt":"Launch Your Podcast with Studio, Production &amp; Global Distribution Professional studio and production in Doral \u2013 Miami This initiative integrates the power [&hellip;]","_links":{"self":[{"href":"https:\/\/thebrainsbunch.com\/es\/wp-json\/wp\/v2\/pages\/2512","targetHints":{"allow":["GET"]}}],"collection":[{"href":"https:\/\/thebrainsbunch.com\/es\/wp-json\/wp\/v2\/pages"}],"about":[{"href":"https:\/\/thebrainsbunch.com\/es\/wp-json\/wp\/v2\/types\/page"}],"author":[{"embeddable":true,"href":"https:\/\/thebrainsbunch.com\/es\/wp-json\/wp\/v2\/users\/1"}],"replies":[{"embeddable":true,"href":"https:\/\/thebrainsbunch.com\/es\/wp-json\/wp\/v2\/comments?post=2512"}],"version-history":[{"count":17,"href":"https:\/\/thebrainsbunch.com\/es\/wp-json\/wp\/v2\/pages\/2512\/revisions"}],"predecessor-version":[{"id":2789,"href":"https:\/\/thebrainsbunch.com\/es\/wp-json\/wp\/v2\/pages\/2512\/revisions\/2789"}],"wp:featuredmedia":[{"embeddable":true,"href":"https:\/\/thebrainsbunch.com\/es\/wp-json\/wp\/v2\/media\/2515"}],"wp:attachment":[{"href":"https:\/\/thebrainsbunch.com\/es\/wp-json\/wp\/v2\/media?parent=2512"}],"curies":[{"name":"wp","href":"https:\/\/api.w.org\/{rel}","templated":true}]}}