{"id":2127,"date":"2025-08-18T18:29:00","date_gmt":"2025-08-18T18:29:00","guid":{"rendered":"https:\/\/thebrainsbunch.com\/?page_id=2127"},"modified":"2025-10-23T13:58:56","modified_gmt":"2025-10-23T13:58:56","slug":"leo","status":"publish","type":"page","link":"https:\/\/thebrainsbunch.com\/es\/leo\/","title":{"rendered":"leo"},"content":{"rendered":"<div data-elementor-type=\"wp-page\" data-elementor-id=\"2127\" class=\"elementor elementor-2127\" data-elementor-settings=\"{&quot;element_pack_global_tooltip_width&quot;:{&quot;unit&quot;:&quot;px&quot;,&quot;size&quot;:&quot;&quot;,&quot;sizes&quot;:[]},&quot;element_pack_global_tooltip_width_tablet&quot;:{&quot;unit&quot;:&quot;px&quot;,&quot;size&quot;:&quot;&quot;,&quot;sizes&quot;:[]},&quot;element_pack_global_tooltip_width_mobile&quot;:{&quot;unit&quot;:&quot;px&quot;,&quot;size&quot;:&quot;&quot;,&quot;sizes&quot;:[]},&quot;element_pack_global_tooltip_padding&quot;:{&quot;unit&quot;:&quot;px&quot;,&quot;top&quot;:&quot;&quot;,&quot;right&quot;:&quot;&quot;,&quot;bottom&quot;:&quot;&quot;,&quot;left&quot;:&quot;&quot;,&quot;isLinked&quot;:true},&quot;element_pack_global_tooltip_padding_tablet&quot;:{&quot;unit&quot;:&quot;px&quot;,&quot;top&quot;:&quot;&quot;,&quot;right&quot;:&quot;&quot;,&quot;bottom&quot;:&quot;&quot;,&quot;left&quot;:&quot;&quot;,&quot;isLinked&quot;:true},&quot;element_pack_global_tooltip_padding_mobile&quot;:{&quot;unit&quot;:&quot;px&quot;,&quot;top&quot;:&quot;&quot;,&quot;right&quot;:&quot;&quot;,&quot;bottom&quot;:&quot;&quot;,&quot;left&quot;:&quot;&quot;,&quot;isLinked&quot;:true},&quot;element_pack_global_tooltip_border_radius&quot;:{&quot;unit&quot;:&quot;px&quot;,&quot;top&quot;:&quot;&quot;,&quot;right&quot;:&quot;&quot;,&quot;bottom&quot;:&quot;&quot;,&quot;left&quot;:&quot;&quot;,&quot;isLinked&quot;:true},&quot;element_pack_global_tooltip_border_radius_tablet&quot;:{&quot;unit&quot;:&quot;px&quot;,&quot;top&quot;:&quot;&quot;,&quot;right&quot;:&quot;&quot;,&quot;bottom&quot;:&quot;&quot;,&quot;left&quot;:&quot;&quot;,&quot;isLinked&quot;:true},&quot;element_pack_global_tooltip_border_radius_mobile&quot;:{&quot;unit&quot;:&quot;px&quot;,&quot;top&quot;:&quot;&quot;,&quot;right&quot;:&quot;&quot;,&quot;bottom&quot;:&quot;&quot;,&quot;left&quot;:&quot;&quot;,&quot;isLinked&quot;:true}}\">\n\t\t\t\t\t\t<div class=\"elementor-section elementor-top-section elementor-element elementor-element-6fe6631 elementor-section-boxed elementor-section-height-default elementor-section-height-default elementor-invisible\" data-id=\"6fe6631\" data-element_type=\"section\" data-e-type=\"section\" data-settings=\"{&quot;animation&quot;:&quot;zoomOutUp&quot;}\">\n\t\t\t\t\t\t<div class=\"elementor-container elementor-column-gap-default\">\n\t\t\t\t\t<div class=\"elementor-column elementor-col-100 elementor-top-column elementor-element elementor-element-a7f65ca\" data-id=\"a7f65ca\" data-element_type=\"column\" data-e-type=\"column\">\n\t\t\t<div class=\"elementor-widget-wrap elementor-element-populated\">\n\t\t\t\t\t\t<div class=\"elementor-section elementor-inner-section elementor-element elementor-element-2620dbd elementor-section-boxed elementor-section-height-default elementor-section-height-default\" data-id=\"2620dbd\" data-element_type=\"section\" data-e-type=\"section\" data-settings=\"{&quot;background_background&quot;:&quot;classic&quot;}\">\n\t\t\t\t\t\t\t<div class=\"elementor-background-overlay\"><\/div>\n\t\t\t\t\t\t\t<div class=\"elementor-container elementor-column-gap-default\">\n\t\t\t\t\t<div class=\"elementor-column elementor-col-50 elementor-inner-column elementor-element elementor-element-bb4dc27\" data-id=\"bb4dc27\" data-element_type=\"column\" data-e-type=\"column\">\n\t\t\t<div class=\"elementor-widget-wrap elementor-element-populated\">\n\t\t\t\t\t\t<div class=\"elementor-element elementor-element-21f5989 elementor-widget-tablet__width-initial elementor-widget-mobile__width-inherit ui-e-a-animate elementor-widget elementor-widget-highlighted-text\" data-id=\"21f5989\" data-element_type=\"widget\" data-e-type=\"widget\" data-widget_type=\"highlighted-text.default\">\n\t\t\t\t<div class=\"elementor-widget-container\">\n\t\t\t\t\t        <h2 class=\"ui-e--highlighted-text\">\n            <span class=\"ui-e-headline-text elementor-repeater-item-4e9a18a\">Transformar <\/span><span class=\"ui-e-headline-text elementor-repeater-item-58f050e\">ideas audaces <\/span><span class=\"ui-e-headline-text elementor-repeater-item-5b8edc0\">en realidades con impacto.<\/span>        <\/h2>\n    \t\t\t\t<\/div>\n\t\t\t\t<\/div>\n\t\t\t\t<div class=\"elementor-element elementor-element-816cd4e elementor-widget-tablet__width-initial elementor-widget-mobile__width-inherit elementor-widget elementor-widget-text-editor\" data-id=\"816cd4e\" data-element_type=\"widget\" data-e-type=\"widget\" data-widget_type=\"text-editor.default\">\n\t\t\t\t<div class=\"elementor-widget-container\">\n\t\t\t\t\t\t\t\t\t<p>Leonardo Trechi es el Presidente de la C\u00e1mara Venezolano-Americana de Comercio (VACC) y fundador y CEO de dos de las iniciativas m\u00e1s influyentes creadas por un venezolano en Estados Unidos: The Brains Bunch, fundada en 2015, y VPItv, lanzada en 2016.<\/p>\t\t\t\t\t\t\t\t<\/div>\n\t\t\t\t<\/div>\n\t\t\t\t\t<\/div>\n\t\t<\/div>\n\t\t\t\t<div class=\"elementor-column elementor-col-50 elementor-inner-column elementor-element elementor-element-00c3931\" data-id=\"00c3931\" data-element_type=\"column\" data-e-type=\"column\" data-settings=\"{&quot;background_background&quot;:&quot;classic&quot;}\">\n\t\t\t<div class=\"elementor-widget-wrap elementor-element-populated\">\n\t\t\t\t\t\t<div class=\"elementor-element elementor-element-c933ff3 elementor-widget elementor-widget-image\" data-id=\"c933ff3\" data-element_type=\"widget\" data-e-type=\"widget\" data-widget_type=\"image.default\">\n\t\t\t\t<div class=\"elementor-widget-container\">\n\t\t\t\t\t\t\t\t\t\t\t\t\t\t\t<img fetchpriority=\"high\" decoding=\"async\" width=\"1024\" height=\"956\" src=\"https:\/\/thebrainsbunch.com\/wp-content\/uploads\/2025\/08\/leo_0.png\" class=\"attachment-full size-full wp-image-2142\" alt=\"\" srcset=\"https:\/\/thebrainsbunch.com\/wp-content\/uploads\/2025\/08\/leo_0.png 1024w, https:\/\/thebrainsbunch.com\/wp-content\/uploads\/2025\/08\/leo_0-300x280.png 300w, https:\/\/thebrainsbunch.com\/wp-content\/uploads\/2025\/08\/leo_0-768x717.png 768w, https:\/\/thebrainsbunch.com\/wp-content\/uploads\/2025\/08\/leo_0-13x12.png 13w, https:\/\/thebrainsbunch.com\/wp-content\/uploads\/2025\/08\/leo_0-650x607.png 650w\" sizes=\"(max-width: 1024px) 100vw, 1024px\" \/>\t\t\t\t\t\t\t\t\t\t\t\t\t\t\t<\/div>\n\t\t\t\t<\/div>\n\t\t\t\t\t<\/div>\n\t\t<\/div>\n\t\t\t\t\t<\/div>\n\t\t<\/div>\n\t\t\t\t\t<\/div>\n\t\t<\/div>\n\t\t\t\t\t<\/div>\n\t\t<\/div>\n\t\t\t\t<section class=\"elementor-section elementor-top-section elementor-element elementor-element-03a89bb elementor-reverse-mobile elementor-section-boxed elementor-section-height-default elementor-section-height-default\" data-id=\"03a89bb\" data-element_type=\"section\" data-e-type=\"section\">\n\t\t\t\t\t\t<div class=\"elementor-container elementor-column-gap-default\">\n\t\t\t\t\t<div class=\"elementor-column elementor-col-50 elementor-top-column elementor-element elementor-element-56d1a80\" data-id=\"56d1a80\" data-element_type=\"column\" data-e-type=\"column\">\n\t\t\t<div class=\"elementor-widget-wrap elementor-element-populated\">\n\t\t\t\t\t<div class=\"elementor-background-overlay\"><\/div>\n\t\t\t\t\t\t<div class=\"elementor-element elementor-element-c515441 elementor-widget elementor-widget-image\" data-id=\"c515441\" data-element_type=\"widget\" data-e-type=\"widget\" data-widget_type=\"image.default\">\n\t\t\t\t<div class=\"elementor-widget-container\">\n\t\t\t\t\t\t\t\t\t\t\t\t\t\t\t<img decoding=\"async\" width=\"1000\" height=\"934\" src=\"https:\/\/thebrainsbunch.com\/wp-content\/uploads\/2025\/08\/convinacion_1.png\" class=\"attachment-large size-large wp-image-2145\" alt=\"\" srcset=\"https:\/\/thebrainsbunch.com\/wp-content\/uploads\/2025\/08\/convinacion_1.png 1024w, https:\/\/thebrainsbunch.com\/wp-content\/uploads\/2025\/08\/convinacion_1-300x280.png 300w, https:\/\/thebrainsbunch.com\/wp-content\/uploads\/2025\/08\/convinacion_1-768x717.png 768w, https:\/\/thebrainsbunch.com\/wp-content\/uploads\/2025\/08\/convinacion_1-13x12.png 13w, https:\/\/thebrainsbunch.com\/wp-content\/uploads\/2025\/08\/convinacion_1-650x607.png 650w\" sizes=\"(max-width: 1000px) 100vw, 1000px\" \/>\t\t\t\t\t\t\t\t\t\t\t\t\t\t\t<\/div>\n\t\t\t\t<\/div>\n\t\t\t\t\t<\/div>\n\t\t<\/div>\n\t\t\t\t<div class=\"elementor-column elementor-col-50 elementor-top-column elementor-element elementor-element-e634ecd\" data-id=\"e634ecd\" data-element_type=\"column\" data-e-type=\"column\">\n\t\t\t<div class=\"elementor-widget-wrap elementor-element-populated\">\n\t\t\t\t\t\t<div class=\"elementor-element elementor-element-20eed78 ui-e-a-animate elementor-invisible elementor-widget elementor-widget-highlighted-text\" data-id=\"20eed78\" data-element_type=\"widget\" data-e-type=\"widget\" data-settings=\"{&quot;_animation&quot;:&quot;fadeInUp&quot;,&quot;_animation_delay&quot;:300}\" data-widget_type=\"highlighted-text.default\">\n\t\t\t\t<div class=\"elementor-widget-container\">\n\t\t\t\t\t        <h2 class=\"ui-e--highlighted-text\">\n            <span class=\"ui-e-headline-text elementor-repeater-item-4e9a18a\">Pioneering digital neuromarketing agency<\/span>        <\/h2>\n    \t\t\t\t<\/div>\n\t\t\t\t<\/div>\n\t\t\t\t<div class=\"elementor-element elementor-element-4bdd120 elementor-invisible elementor-widget elementor-widget-text-editor\" data-id=\"4bdd120\" data-element_type=\"widget\" data-e-type=\"widget\" data-settings=\"{&quot;_animation&quot;:&quot;fadeInUp&quot;,&quot;_animation_delay&quot;:400}\" data-widget_type=\"text-editor.default\">\n\t\t\t\t<div class=\"elementor-widget-container\">\n\t\t\t\t\t\t\t\t\t<p>Con m\u00e1s de 25 a\u00f1os de experiencia en comunicaci\u00f3n estrat\u00e9gica, neuromarketing y desarrollo empresarial, Trechi se ha consolidado como una figura clave en la transformaci\u00f3n del emprendimiento latino en los Estados Unidos. En 2015, fund\u00f3 The Brains Bunch, una agencia digital pionera en neuromarketing que desarroll\u00f3 la metodolog\u00eda propia <strong>F.O.C.U.S.<\/strong> (Framework for Optimizing Customer and User Strategies), enfocada en mejorar la experiencia del cliente y acelerar el crecimiento empresarial sostenible. Adem\u00e1s, Trechi lider\u00f3 la creaci\u00f3n e implementaci\u00f3n de <strong>Viability<\/strong>un sistema de validaci\u00f3n de mercado y optimizaci\u00f3n estrat\u00e9gica que ha sido<strong>considerado como un modelo in\u00e9dito en el mercado de la Florida y probablemente en los Estados Unidos<\/strong>. permitiendo a emprendedores y marcas reducir riesgos, aumentar el retorno sobre la inversi\u00f3n y escalar con mayor precisi\u00f3n y velocidad.<\/p>\t\t\t\t\t\t\t\t<\/div>\n\t\t\t\t<\/div>\n\t\t\t\t\t<\/div>\n\t\t<\/div>\n\t\t\t\t\t<\/div>\n\t\t<\/section>\n\t\t\t\t<div class=\"elementor-section elementor-top-section elementor-element elementor-element-e6105dc elementor-section-boxed elementor-section-height-default elementor-section-height-default elementor-invisible\" data-id=\"e6105dc\" data-element_type=\"section\" data-e-type=\"section\" data-settings=\"{&quot;animation&quot;:&quot;zoomOutUp&quot;}\">\n\t\t\t\t\t\t<div class=\"elementor-container elementor-column-gap-default\">\n\t\t\t\t\t<div class=\"elementor-column elementor-col-100 elementor-top-column elementor-element elementor-element-e1817be\" data-id=\"e1817be\" data-element_type=\"column\" data-e-type=\"column\">\n\t\t\t<div class=\"elementor-widget-wrap elementor-element-populated\">\n\t\t\t\t\t\t<div class=\"elementor-section elementor-inner-section elementor-element elementor-element-161bce2 elementor-section-boxed elementor-section-height-default elementor-section-height-default\" data-id=\"161bce2\" data-element_type=\"section\" data-e-type=\"section\">\n\t\t\t\t\t\t\t<div class=\"elementor-background-overlay\"><\/div>\n\t\t\t\t\t\t\t<div class=\"elementor-container elementor-column-gap-default\">\n\t\t\t\t\t<div class=\"elementor-column elementor-col-50 elementor-inner-column elementor-element elementor-element-bb6bb09\" data-id=\"bb6bb09\" data-element_type=\"column\" data-e-type=\"column\">\n\t\t\t<div class=\"elementor-widget-wrap elementor-element-populated\">\n\t\t\t\t\t\t<div class=\"elementor-element elementor-element-852b405 elementor-widget-tablet__width-initial elementor-widget-mobile__width-inherit ui-e-a-animate elementor-widget elementor-widget-highlighted-text\" data-id=\"852b405\" data-element_type=\"widget\" data-e-type=\"widget\" data-widget_type=\"highlighted-text.default\">\n\t\t\t\t<div class=\"elementor-widget-container\">\n\t\t\t\t\t        <h2 class=\"ui-e--highlighted-text\">\n            <span class=\"ui-e-headline-text elementor-repeater-item-4e9a18a\">Free press and independent journalism<\/span>        <\/h2>\n    \t\t\t\t<\/div>\n\t\t\t\t<\/div>\n\t\t\t\t<div class=\"elementor-element elementor-element-a706a33 elementor-widget-tablet__width-initial elementor-widget-mobile__width-inherit elementor-widget elementor-widget-text-editor\" data-id=\"a706a33\" data-element_type=\"widget\" data-e-type=\"widget\" data-widget_type=\"text-editor.default\">\n\t\t\t\t<div class=\"elementor-widget-container\">\n\t\t\t\t\t\t\t\t\t<p style=\"text-align: right;\">En 2016, fund\u00f3 <strong>VPItv<\/strong>, hoy reconocido como el canal independiente con mayor audiencia entre los venezolanos en el mundo. VPItv se ha convertido en una plataforma global de comunicaci\u00f3n, comprometida con la libertad de prensa, la verdad y el apoyo a los movimientos democr\u00e1ticos.<\/p>\t\t\t\t\t\t\t\t<\/div>\n\t\t\t\t<\/div>\n\t\t\t\t\t<\/div>\n\t\t<\/div>\n\t\t\t\t<div class=\"elementor-column elementor-col-50 elementor-inner-column elementor-element elementor-element-dce8d5f\" data-id=\"dce8d5f\" data-element_type=\"column\" data-e-type=\"column\" data-settings=\"{&quot;background_background&quot;:&quot;classic&quot;}\">\n\t\t\t<div class=\"elementor-widget-wrap elementor-element-populated\">\n\t\t\t\t\t\t<div class=\"elementor-element elementor-element-eda0792 elementor-widget elementor-widget-image\" data-id=\"eda0792\" data-element_type=\"widget\" data-e-type=\"widget\" data-widget_type=\"image.default\">\n\t\t\t\t<div class=\"elementor-widget-container\">\n\t\t\t\t\t\t\t\t\t\t\t\t\t\t\t<img decoding=\"async\" width=\"1024\" height=\"956\" src=\"https:\/\/thebrainsbunch.com\/wp-content\/uploads\/2025\/08\/convinacion_2.png\" class=\"attachment-full size-full wp-image-2143\" alt=\"\" srcset=\"https:\/\/thebrainsbunch.com\/wp-content\/uploads\/2025\/08\/convinacion_2.png 1024w, https:\/\/thebrainsbunch.com\/wp-content\/uploads\/2025\/08\/convinacion_2-300x280.png 300w, https:\/\/thebrainsbunch.com\/wp-content\/uploads\/2025\/08\/convinacion_2-768x717.png 768w, https:\/\/thebrainsbunch.com\/wp-content\/uploads\/2025\/08\/convinacion_2-13x12.png 13w, https:\/\/thebrainsbunch.com\/wp-content\/uploads\/2025\/08\/convinacion_2-650x607.png 650w\" sizes=\"(max-width: 1024px) 100vw, 1024px\" \/>\t\t\t\t\t\t\t\t\t\t\t\t\t\t\t<\/div>\n\t\t\t\t<\/div>\n\t\t\t\t\t<\/div>\n\t\t<\/div>\n\t\t\t\t\t<\/div>\n\t\t<\/div>\n\t\t\t\t\t<\/div>\n\t\t<\/div>\n\t\t\t\t\t<\/div>\n\t\t<\/div>\n\t\t\t\t<section class=\"elementor-section elementor-top-section elementor-element elementor-element-c7fa07f elementor-reverse-mobile elementor-section-boxed elementor-section-height-default elementor-section-height-default\" data-id=\"c7fa07f\" data-element_type=\"section\" data-e-type=\"section\">\n\t\t\t\t\t\t<div class=\"elementor-container elementor-column-gap-default\">\n\t\t\t\t\t<div class=\"elementor-column elementor-col-50 elementor-top-column elementor-element elementor-element-18df273\" data-id=\"18df273\" data-element_type=\"column\" data-e-type=\"column\">\n\t\t\t<div class=\"elementor-widget-wrap elementor-element-populated\">\n\t\t\t\t\t<div class=\"elementor-background-overlay\"><\/div>\n\t\t\t\t\t\t<div class=\"elementor-element elementor-element-dc74620 elementor-widget elementor-widget-image\" data-id=\"dc74620\" data-element_type=\"widget\" data-e-type=\"widget\" data-widget_type=\"image.default\">\n\t\t\t\t<div class=\"elementor-widget-container\">\n\t\t\t\t\t\t\t\t\t\t\t\t\t\t\t<img loading=\"lazy\" decoding=\"async\" width=\"1000\" height=\"934\" src=\"https:\/\/thebrainsbunch.com\/wp-content\/uploads\/2025\/08\/convinacion_3.png\" class=\"attachment-large size-large wp-image-2144\" alt=\"\" srcset=\"https:\/\/thebrainsbunch.com\/wp-content\/uploads\/2025\/08\/convinacion_3.png 1024w, https:\/\/thebrainsbunch.com\/wp-content\/uploads\/2025\/08\/convinacion_3-300x280.png 300w, https:\/\/thebrainsbunch.com\/wp-content\/uploads\/2025\/08\/convinacion_3-768x717.png 768w, https:\/\/thebrainsbunch.com\/wp-content\/uploads\/2025\/08\/convinacion_3-13x12.png 13w, https:\/\/thebrainsbunch.com\/wp-content\/uploads\/2025\/08\/convinacion_3-650x607.png 650w\" sizes=\"(max-width: 1000px) 100vw, 1000px\" \/>\t\t\t\t\t\t\t\t\t\t\t\t\t\t\t<\/div>\n\t\t\t\t<\/div>\n\t\t\t\t\t<\/div>\n\t\t<\/div>\n\t\t\t\t<div class=\"elementor-column elementor-col-50 elementor-top-column elementor-element elementor-element-60057d4\" data-id=\"60057d4\" data-element_type=\"column\" data-e-type=\"column\">\n\t\t\t<div class=\"elementor-widget-wrap elementor-element-populated\">\n\t\t\t\t\t\t<div class=\"elementor-element elementor-element-9239425 ui-e-a-animate elementor-invisible elementor-widget elementor-widget-highlighted-text\" data-id=\"9239425\" data-element_type=\"widget\" data-e-type=\"widget\" data-settings=\"{&quot;_animation&quot;:&quot;fadeInUp&quot;,&quot;_animation_delay&quot;:300}\" data-widget_type=\"highlighted-text.default\">\n\t\t\t\t<div class=\"elementor-widget-container\">\n\t\t\t\t\t        <h2 class=\"ui-e--highlighted-text\">\n            <span class=\"ui-e-headline-text elementor-repeater-item-4e9a18a\">New leadership 2025<\/span>        <\/h2>\n    \t\t\t\t<\/div>\n\t\t\t\t<\/div>\n\t\t\t\t<div class=\"elementor-element elementor-element-b83ffc9 elementor-invisible elementor-widget elementor-widget-text-editor\" data-id=\"b83ffc9\" data-element_type=\"widget\" data-e-type=\"widget\" data-settings=\"{&quot;_animation&quot;:&quot;fadeInUp&quot;,&quot;_animation_delay&quot;:400}\" data-widget_type=\"text-editor.default\">\n\t\t\t\t<div class=\"elementor-widget-container\">\n\t\t\t\t\t\t\t\t\t<p>En 2025, Trechi fue electo <strong>Presidente de la C\u00e1mara Venezolano-Americana de Comercio<\/strong>, donde lidera iniciativas estrat\u00e9gicas para potenciar la visibilidad, el crecimiento y el poder empresarial de la comunidad venezolana en los Estados Unidos. Su gesti\u00f3n ha estado marcada por el fortalecimiento institucional, la generaci\u00f3n de oportunidades econ\u00f3micas y la conexi\u00f3n entre l\u00edderes empresariales dentro y fuera del pa\u00eds.<\/p>\t\t\t\t\t\t\t\t<\/div>\n\t\t\t\t<\/div>\n\t\t\t\t\t<\/div>\n\t\t<\/div>\n\t\t\t\t\t<\/div>\n\t\t<\/section>\n\t\t<div class=\"elementor-element elementor-element-7f62cf9 e-grid e-con-boxed e-con e-parent\" data-id=\"7f62cf9\" data-element_type=\"container\" data-e-type=\"container\">\n\t\t\t\t\t<div class=\"e-con-inner\">\n\t\t<div class=\"elementor-element elementor-element-466e31a libro-gradiente e-flex e-con-boxed e-con e-child\" data-id=\"466e31a\" data-element_type=\"container\" data-e-type=\"container\">\n\t\t\t\t\t<div class=\"e-con-inner\">\n\t\t<div class=\"elementor-element elementor-element-fea176f e-flex e-con-boxed e-con e-child\" data-id=\"fea176f\" data-element_type=\"container\" data-e-type=\"container\">\n\t\t\t\t\t<div class=\"e-con-inner\">\n\t\t\t\t<div class=\"elementor-element elementor-element-dd5f7a7 elementor-widget elementor-widget-image\" data-id=\"dd5f7a7\" data-element_type=\"widget\" data-e-type=\"widget\" data-widget_type=\"image.default\">\n\t\t\t\t<div class=\"elementor-widget-container\">\n\t\t\t\t\t\t\t\t\t\t\t\t\t\t\t<img loading=\"lazy\" decoding=\"async\" width=\"683\" height=\"1024\" src=\"https:\/\/thebrainsbunch.com\/wp-content\/uploads\/2025\/08\/LEO_12-683x1024.png\" class=\"attachment-large size-large wp-image-2138\" alt=\"\" srcset=\"https:\/\/thebrainsbunch.com\/wp-content\/uploads\/2025\/08\/LEO_12-683x1024.png 683w, https:\/\/thebrainsbunch.com\/wp-content\/uploads\/2025\/08\/LEO_12-200x300.png 200w, https:\/\/thebrainsbunch.com\/wp-content\/uploads\/2025\/08\/LEO_12-768x1151.png 768w, https:\/\/thebrainsbunch.com\/wp-content\/uploads\/2025\/08\/LEO_12-8x12.png 8w, https:\/\/thebrainsbunch.com\/wp-content\/uploads\/2025\/08\/LEO_12-434x650.png 434w, https:\/\/thebrainsbunch.com\/wp-content\/uploads\/2025\/08\/LEO_12.png 872w\" sizes=\"(max-width: 683px) 100vw, 683px\" \/>\t\t\t\t\t\t\t\t\t\t\t\t\t\t\t<\/div>\n\t\t\t\t<\/div>\n\t\t\t\t\t<\/div>\n\t\t\t\t<\/div>\n\t\t<div class=\"elementor-element elementor-element-5ff3d54 e-con-full e-flex e-con e-child\" data-id=\"5ff3d54\" data-element_type=\"container\" data-e-type=\"container\">\n\t\t\t\t<div class=\"elementor-element elementor-element-6414026 elementor-widget elementor-widget-text-editor\" data-id=\"6414026\" data-element_type=\"widget\" data-e-type=\"widget\" data-widget_type=\"text-editor.default\">\n\t\t\t\t<div class=\"elementor-widget-container\">\n\t\t\t\t\t\t\t\t\t<p>Adem\u00e1s, es autor del libro \u201cG\u00e1nale a Tu Mente\u201d, una gu\u00eda poderosa para vencer las creencias limitantes, reprogramar la mente y alcanzar el m\u00e1ximo potencial personal y profesional.<\/p>\t\t\t\t\t\t\t\t<\/div>\n\t\t\t\t<\/div>\n\t\t\t\t<div class=\"elementor-element elementor-element-88be69d elementor-widget elementor-widget-button\" data-id=\"88be69d\" data-element_type=\"widget\" data-e-type=\"widget\" data-widget_type=\"button.default\">\n\t\t\t\t<div class=\"elementor-widget-container\">\n\t\t\t\t\t\t\t\t\t<div class=\"elementor-button-wrapper\">\n\t\t\t\t\t<a class=\"elementor-button elementor-button-link elementor-size-sm\" href=\"https:\/\/www.amazon.com\/G\u00e1nale-mente-Convierte-barreras-puentes\/dp\/9804373521\/ref=sr_1_1?crid=1TIFOFNPMC6VL&#038;dib=eyJ2IjoiMSJ9.w-mONZQ77pQFf2O_5ReVtPMW0tv5_G-z0ISMjHzy-t8aUo0ucXGeo5Yk6mhkJIfo.QHolG8Cm2_hqpXMlo_UB23NjMmsx9kcFbGhnHaeZ7bc&#038;dib_tag=se&#038;keywords=ganale+a+tu+mente&#038;qid=1723764847&#038;sprefix=ganale%2Caps%2C101&#038;sr=8-1\">\n\t\t\t\t\t\t<span class=\"elementor-button-content-wrapper\">\n\t\t\t\t\t\t\t\t\t<span class=\"elementor-button-text\">Comprar ahora<\/span>\n\t\t\t\t\t<\/span>\n\t\t\t\t\t<\/a>\n\t\t\t\t<\/div>\n\t\t\t\t\t\t\t\t<\/div>\n\t\t\t\t<\/div>\n\t\t\t\t<\/div>\n\t\t\t\t\t<\/div>\n\t\t\t\t<\/div>\n\t\t\t\t\t<\/div>\n\t\t\t\t<\/div>\n\t\t<div class=\"elementor-element elementor-element-7f58447 e-flex e-con-boxed e-con e-parent\" data-id=\"7f58447\" data-element_type=\"container\" data-e-type=\"container\">\n\t\t\t\t\t<div class=\"e-con-inner\">\n\t\t\t\t<div class=\"elementor-element elementor-element-8263939 elementor-widget elementor-widget-text-editor\" data-id=\"8263939\" data-element_type=\"widget\" data-e-type=\"widget\" data-widget_type=\"text-editor.default\">\n\t\t\t\t<div class=\"elementor-widget-container\">\n\t\t\t\t\t\t\t\t\t<p style=\"text-align: center;\">Su trayectoria ha sido reconocida con m\u00faltiples premios internacionales:<\/p>\t\t\t\t\t\t\t\t<\/div>\n\t\t\t\t<\/div>\n\t\t\t\t<div class=\"elementor-element elementor-element-4006f95 elementor-widget elementor-widget-image\" data-id=\"4006f95\" data-element_type=\"widget\" data-e-type=\"widget\" data-widget_type=\"image.default\">\n\t\t\t\t<div class=\"elementor-widget-container\">\n\t\t\t\t\t\t\t\t\t\t\t\t\t\t\t<img loading=\"lazy\" decoding=\"async\" width=\"1000\" height=\"301\" src=\"https:\/\/thebrainsbunch.com\/wp-content\/uploads\/2025\/08\/LEO_13-1024x308.png\" class=\"attachment-large size-large wp-image-2139\" alt=\"\" srcset=\"https:\/\/thebrainsbunch.com\/wp-content\/uploads\/2025\/08\/LEO_13-1024x308.png 1024w, https:\/\/thebrainsbunch.com\/wp-content\/uploads\/2025\/08\/LEO_13-300x90.png 300w, https:\/\/thebrainsbunch.com\/wp-content\/uploads\/2025\/08\/LEO_13-768x231.png 768w, https:\/\/thebrainsbunch.com\/wp-content\/uploads\/2025\/08\/LEO_13-1536x462.png 1536w, https:\/\/thebrainsbunch.com\/wp-content\/uploads\/2025\/08\/LEO_13-2048x616.png 2048w, https:\/\/thebrainsbunch.com\/wp-content\/uploads\/2025\/08\/LEO_13-18x5.png 18w, https:\/\/thebrainsbunch.com\/wp-content\/uploads\/2025\/08\/LEO_13-650x195.png 650w\" sizes=\"(max-width: 1000px) 100vw, 1000px\" \/>\t\t\t\t\t\t\t\t\t\t\t\t\t\t\t<\/div>\n\t\t\t\t<\/div>\n\t\t\t\t<div class=\"elementor-element elementor-element-2474882 elementor-widget elementor-widget-text-editor\" data-id=\"2474882\" data-element_type=\"widget\" data-e-type=\"widget\" data-widget_type=\"text-editor.default\">\n\t\t\t\t<div class=\"elementor-widget-container\">\n\t\t\t\t\t\t\t\t\t<p>Leonardo Trechi contin\u00faa inspirando y empoderando a l\u00edderes, marcas y organizaciones con pensamiento innovador, visi\u00f3n estrat\u00e9gica y una profunda pasi\u00f3n por convertir los sue\u00f1os en logros medibles y sostenibles.<\/p>\t\t\t\t\t\t\t\t<\/div>\n\t\t\t\t<\/div>\n\t\t\t\t\t<\/div>\n\t\t\t\t<\/div>\n\t\t\t\t<\/div>","protected":false},"excerpt":{"rendered":"<p>Turning bold ideas into influential realities. Leonardo Trechi is the President of the Venezuelan-American Chamber of Commerce (VACC) and the founder and [&hellip;]<\/p>\n","protected":false},"author":1,"featured_media":0,"parent":0,"menu_order":0,"comment_status":"closed","ping_status":"closed","template":"","meta":{"_uag_custom_page_level_css":"","footnotes":""},"class_list":["post-2127","page","type-page","status-publish","hentry"],"aioseo_notices":[],"uagb_featured_image_src":{"full":false,"thumbnail":false,"medium":false,"medium_large":false,"large":false,"1536x1536":false,"2048x2048":false,"trp-custom-language-flag":false,"uicore-medium":false},"uagb_author_info":{"display_name":"juanky2252@gmail.com","author_link":"https:\/\/thebrainsbunch.com\/es\/author\/juanky2252gmail-com\/"},"uagb_comment_info":0,"uagb_excerpt":"Turning bold ideas into influential realities. Leonardo Trechi is the President of the Venezuelan-American Chamber of Commerce (VACC) and the founder and [&hellip;]","_links":{"self":[{"href":"https:\/\/thebrainsbunch.com\/es\/wp-json\/wp\/v2\/pages\/2127","targetHints":{"allow":["GET"]}}],"collection":[{"href":"https:\/\/thebrainsbunch.com\/es\/wp-json\/wp\/v2\/pages"}],"about":[{"href":"https:\/\/thebrainsbunch.com\/es\/wp-json\/wp\/v2\/types\/page"}],"author":[{"embeddable":true,"href":"https:\/\/thebrainsbunch.com\/es\/wp-json\/wp\/v2\/users\/1"}],"replies":[{"embeddable":true,"href":"https:\/\/thebrainsbunch.com\/es\/wp-json\/wp\/v2\/comments?post=2127"}],"version-history":[{"count":31,"href":"https:\/\/thebrainsbunch.com\/es\/wp-json\/wp\/v2\/pages\/2127\/revisions"}],"predecessor-version":[{"id":2472,"href":"https:\/\/thebrainsbunch.com\/es\/wp-json\/wp\/v2\/pages\/2127\/revisions\/2472"}],"wp:attachment":[{"href":"https:\/\/thebrainsbunch.com\/es\/wp-json\/wp\/v2\/media?parent=2127"}],"curies":[{"name":"wp","href":"https:\/\/api.w.org\/{rel}","templated":true}]}}